{"id":557,"date":"2021-10-11T18:37:21","date_gmt":"2021-10-11T18:37:21","guid":{"rendered":"https:\/\/www.publicamexico.com\/?page_id=557"},"modified":"2021-10-13T17:36:39","modified_gmt":"2021-10-13T17:36:39","slug":"imprenta","status":"publish","type":"page","link":"https:\/\/www.publicamexico.com\/?page_id=557","title":{"rendered":"IMPRENTA"},"content":{"rendered":"<p>[et_pb_section fb_built=&#8221;1&#8243; admin_label=&#8221;Packages&#8221; _builder_version=&#8221;3.22&#8243; global_colors_info=&#8221;{}&#8221;][et_pb_row column_structure=&#8221;2_5,3_5&#8243; make_equal=&#8221;on&#8221; padding_top_bottom_link_1=&#8221;false&#8221; padding_top_bottom_link_2=&#8221;true&#8221; _builder_version=&#8221;3.25&#8243; custom_margin=&#8221;40px||80px||false&#8221; custom_padding=&#8221;0|0px|0|0px|true|false&#8221; animation_style=&#8221;slide&#8221; animation_direction=&#8221;left&#8221; animation_intensity_slide=&#8221;1%&#8221; box_shadow_style=&#8221;preset4&#8243; box_shadow_horizontal=&#8221;780px&#8221; box_shadow_vertical=&#8221;0px&#8221; box_shadow_color=&#8221;#f5f6f9&#8243; global_colors_info=&#8221;{}&#8221;][et_pb_column type=&#8221;2_5&#8243; _builder_version=&#8221;3.25&#8243; custom_padding=&#8221;80px||40px|&#8221; custom_padding_tablet=&#8221;0px|||&#8221; custom_padding_phone=&#8221;&#8221; custom_padding_last_edited=&#8221;on|tablet&#8221; global_colors_info=&#8221;{}&#8221; padding_tablet=&#8221;0px|||&#8221; padding_last_edited=&#8221;on|tablet&#8221; custom_padding__hover=&#8221;|||&#8221;][et_pb_text _builder_version=&#8221;4.11.2&#8243; text_font=&#8221;||||||||&#8221; text_line_height=&#8221;2em&#8221; header_font=&#8221;||||||||&#8221; header_3_font=&#8221;Lato|900|||||||&#8221; header_3_font_size=&#8221;35px&#8221; header_3_line_height=&#8221;1.5em&#8221; header_4_font=&#8221;Lato|700||on|||||&#8221; header_4_text_color=&#8221;rgba(12,12,12,0.27)&#8221; header_4_font_size=&#8221;13px&#8221; header_4_letter_spacing=&#8221;3px&#8221; header_4_line_height=&#8221;1.8em&#8221; hover_enabled=&#8221;0&#8243; header_3_font_size_tablet=&#8221;&#8221; header_3_font_size_phone=&#8221;25px&#8221; header_3_font_size_last_edited=&#8221;on|desktop&#8221; global_colors_info=&#8221;{}&#8221; sticky_enabled=&#8221;0&#8243;]<\/p>\n<h4>06<\/h4>\n<h3>Imprenta<\/h3>\n<ul class=\"ul1\">\n<li class=\"li1\"><span class=\"s1\"><\/span><span class=\"s2\">Calidad en comunicaci\u00f3n visual.<\/span><\/li>\n<li class=\"li1\"><span class=\"s1\"><\/span><span class=\"s2\">Impresi\u00f3n de mediano y gran formato.<\/span><\/li>\n<li class=\"li1\"><span class=\"s1\"><\/span><span class=\"s2\">Alta resoluci\u00f3n.<\/span><\/li>\n<li class=\"li1\"><span class=\"s1\"><\/span><span class=\"s2\">Laminado.<\/span><\/li>\n<li class=\"li1\"><span class=\"s1\"><\/span><span class=\"s2\">Router.<\/span><\/li>\n<li class=\"li1\"><span class=\"s1\"><\/span><span class=\"s2\">Materiales r\u00edgidos.<\/span><\/li>\n<li class=\"li1\"><span class=\"s1\"><\/span><span class=\"s2\">Display.<\/span><\/li>\n<li class=\"li1\"><span class=\"s1\"><\/span><span class=\"s2\">Banners, posters, POP.<\/span><\/li>\n<li class=\"li1\"><span class=\"s1\"><\/span><span class=\"s2\">Decoraci\u00f3n de interiores.<\/span><\/li>\n<\/ul>\n<p>[\/et_pb_text][et_pb_text _builder_version=&#8221;4.11.1&#8243; _module_preset=&#8221;default&#8221; global_colors_info=&#8221;{}&#8221;]<\/p>\n<p><strong><span class=\"s2\">Materiales:<\/span><\/strong><\/p>\n<ul>\n<li><span class=\"s2\">Vinil autoadherible.<\/span><\/li>\n<li><span class=\"s1\"><\/span><span class=\"s2\">Vinil reflejante.<\/span><\/li>\n<li><span class=\"s1\"><\/span><span class=\"s2\">Vinil electroest\u00e1tico.<\/span><\/li>\n<li><span class=\"s1\"><\/span><span class=\"s2\">Vinil transparente.<\/span><\/li>\n<li><span class=\"s1\"><\/span><span class=\"s2\">Vinil mesh.<\/span><\/li>\n<li><span class=\"s1\"><\/span><span class=\"s2\">Lona front.<\/span><\/li>\n<li><span class=\"s1\"><\/span><span class=\"s2\">Lona back.<\/span><\/li>\n<li><span class=\"s1\"><\/span><span class=\"s2\">Lona mesh.<\/span><\/li>\n<li><span class=\"s1\"><\/span><span class=\"s2\">Tela.<\/span><\/li>\n<li><span class=\"s1\"><\/span><span class=\"s2\">Blue back.<\/span><\/li>\n<li><span class=\"s1\"><\/span><span class=\"s2\">Canvas r\u00edgidos.<\/span><\/li>\n<\/ul>\n<p>[\/et_pb_text][\/et_pb_column][et_pb_column type=&#8221;3_5&#8243; _builder_version=&#8221;3.25&#8243; use_background_color_gradient=&#8221;on&#8221; background_color_gradient_start=&#8221;rgba(245,246,249,0)&#8221; background_color_gradient_end=&#8221;#f5f6f9&#8243; background_color_gradient_direction=&#8221;90deg&#8221; background_color_gradient_start_position=&#8221;50%&#8221; background_color_gradient_end_position=&#8221;0%&#8221; custom_padding=&#8221;60px||60px|&#8221; global_colors_info=&#8221;{}&#8221; custom_padding__hover=&#8221;|||&#8221;][et_pb_image src=&#8221;https:\/\/www.publicamexico.com\/wp-content\/uploads\/2021\/10\/shutterstock_1686629263-scaled.jpg&#8221; title_text=&#8221;Worker,Printmaker,Technician,Operator,Works,In,Large,Digital,Printing,Press&#8221; align_tablet=&#8221;center&#8221; align_phone=&#8221;&#8221; align_last_edited=&#8221;on|desktop&#8221; _builder_version=&#8221;4.11.1&#8243; custom_margin=&#8221;|-20%||&#8221; custom_margin_tablet=&#8221;|-10%||&#8221; custom_margin_phone=&#8221;|||&#8221; custom_margin_last_edited=&#8221;on|phone&#8221; filter_saturate=&#8221;120%&#8221; filter_brightness=&#8221;108%&#8221; filter_contrast=&#8221;98%&#8221; animation_style=&#8221;slide&#8221; animation_direction=&#8221;left&#8221; animation_intensity_slide=&#8221;5%&#8221; global_colors_info=&#8221;{}&#8221;][\/et_pb_image][\/et_pb_column][\/et_pb_row][\/et_pb_section][et_pb_section fb_built=&#8221;1&#8243; fullwidth=&#8221;on&#8221; _builder_version=&#8221;4.11.1&#8243; _module_preset=&#8221;default&#8221; global_colors_info=&#8221;{}&#8221;][et_pb_fullwidth_image src=&#8221;https:\/\/www.publicamexico.com\/wp-content\/uploads\/2021\/10\/SERVICIOS-1.png&#8221; title_text=&#8221;SERVICIOS&#8221; _builder_version=&#8221;4.11.2&#8243; _module_preset=&#8221;default&#8221; global_colors_info=&#8221;{}&#8221;][\/et_pb_fullwidth_image][\/et_pb_section]<\/p>\n","protected":false},"excerpt":{"rendered":"<p>06 Imprenta Calidad en comunicaci\u00f3n visual. Impresi\u00f3n de mediano y gran formato. Alta resoluci\u00f3n. Laminado. Router. Materiales r\u00edgidos. Display. Banners, posters, POP. Decoraci\u00f3n de interiores. Materiales: Vinil autoadherible. Vinil reflejante. Vinil electroest\u00e1tico. Vinil transparente. Vinil mesh. Lona front. Lona back. Lona mesh. Tela. Blue back. Canvas r\u00edgidos.<\/p>\n","protected":false},"author":1,"featured_media":0,"parent":0,"menu_order":0,"comment_status":"closed","ping_status":"closed","template":"","meta":{"_et_pb_use_builder":"on","_et_pb_old_content":"","_et_gb_content_width":"","_exactmetrics_skip_tracking":false,"_exactmetrics_sitenote_active":false,"_exactmetrics_sitenote_note":"","_exactmetrics_sitenote_category":0,"footnotes":""},"class_list":["post-557","page","type-page","status-publish","hentry"],"yoast_head":"<!-- This site is optimized with the Yoast SEO plugin v27.4 - https:\/\/yoast.com\/product\/yoast-seo-wordpress\/ -->\n<title>IMPRENTA - Publica Advertising<\/title>\n<meta name=\"robots\" content=\"index, follow, max-snippet:-1, max-image-preview:large, max-video-preview:-1\" \/>\n<link rel=\"canonical\" href=\"https:\/\/www.publicamexico.com\/?page_id=557\" \/>\n<meta property=\"og:locale\" content=\"es_MX\" \/>\n<meta property=\"og:type\" content=\"article\" \/>\n<meta property=\"og:title\" content=\"IMPRENTA - Publica Advertising\" \/>\n<meta property=\"og:description\" content=\"06 Imprenta Calidad en comunicaci\u00f3n visual. Impresi\u00f3n de mediano y gran formato. Alta resoluci\u00f3n. Laminado. Router. Materiales r\u00edgidos. Display. Banners, posters, POP. Decoraci\u00f3n de interiores. Materiales: Vinil autoadherible. Vinil reflejante. Vinil electroest\u00e1tico. Vinil transparente. Vinil mesh. Lona front. Lona back. Lona mesh. Tela. Blue back. Canvas r\u00edgidos.\" \/>\n<meta property=\"og:url\" content=\"https:\/\/www.publicamexico.com\/?page_id=557\" \/>\n<meta property=\"og:site_name\" content=\"Publica Advertising\" \/>\n<meta property=\"article:modified_time\" content=\"2021-10-13T17:36:39+00:00\" \/>\n<meta name=\"twitter:card\" content=\"summary_large_image\" \/>\n<script type=\"application\/ld+json\" class=\"yoast-schema-graph\">{\"@context\":\"https:\\\/\\\/schema.org\",\"@graph\":[{\"@type\":\"WebPage\",\"@id\":\"https:\\\/\\\/www.publicamexico.com\\\/?page_id=557\",\"url\":\"https:\\\/\\\/www.publicamexico.com\\\/?page_id=557\",\"name\":\"IMPRENTA - Publica Advertising\",\"isPartOf\":{\"@id\":\"https:\\\/\\\/www.publicamexico.com\\\/#website\"},\"datePublished\":\"2021-10-11T18:37:21+00:00\",\"dateModified\":\"2021-10-13T17:36:39+00:00\",\"breadcrumb\":{\"@id\":\"https:\\\/\\\/www.publicamexico.com\\\/?page_id=557#breadcrumb\"},\"inLanguage\":\"es\",\"potentialAction\":[{\"@type\":\"ReadAction\",\"target\":[\"https:\\\/\\\/www.publicamexico.com\\\/?page_id=557\"]}]},{\"@type\":\"BreadcrumbList\",\"@id\":\"https:\\\/\\\/www.publicamexico.com\\\/?page_id=557#breadcrumb\",\"itemListElement\":[{\"@type\":\"ListItem\",\"position\":1,\"name\":\"Inicio\",\"item\":\"https:\\\/\\\/www.publicamexico.com\\\/\"},{\"@type\":\"ListItem\",\"position\":2,\"name\":\"IMPRENTA\"}]},{\"@type\":\"WebSite\",\"@id\":\"https:\\\/\\\/www.publicamexico.com\\\/#website\",\"url\":\"https:\\\/\\\/www.publicamexico.com\\\/\",\"name\":\"Publica Advertising\",\"description\":\"Just another WordPress site\",\"potentialAction\":[{\"@type\":\"SearchAction\",\"target\":{\"@type\":\"EntryPoint\",\"urlTemplate\":\"https:\\\/\\\/www.publicamexico.com\\\/?s={search_term_string}\"},\"query-input\":{\"@type\":\"PropertyValueSpecification\",\"valueRequired\":true,\"valueName\":\"search_term_string\"}}],\"inLanguage\":\"es\"}]}<\/script>\n<!-- \/ Yoast SEO plugin. -->","yoast_head_json":{"title":"IMPRENTA - Publica Advertising","robots":{"index":"index","follow":"follow","max-snippet":"max-snippet:-1","max-image-preview":"max-image-preview:large","max-video-preview":"max-video-preview:-1"},"canonical":"https:\/\/www.publicamexico.com\/?page_id=557","og_locale":"es_MX","og_type":"article","og_title":"IMPRENTA - Publica Advertising","og_description":"06 Imprenta Calidad en comunicaci\u00f3n visual. Impresi\u00f3n de mediano y gran formato. Alta resoluci\u00f3n. Laminado. Router. Materiales r\u00edgidos. Display. Banners, posters, POP. Decoraci\u00f3n de interiores. Materiales: Vinil autoadherible. Vinil reflejante. Vinil electroest\u00e1tico. Vinil transparente. Vinil mesh. Lona front. Lona back. Lona mesh. Tela. Blue back. Canvas r\u00edgidos.","og_url":"https:\/\/www.publicamexico.com\/?page_id=557","og_site_name":"Publica Advertising","article_modified_time":"2021-10-13T17:36:39+00:00","twitter_card":"summary_large_image","schema":{"@context":"https:\/\/schema.org","@graph":[{"@type":"WebPage","@id":"https:\/\/www.publicamexico.com\/?page_id=557","url":"https:\/\/www.publicamexico.com\/?page_id=557","name":"IMPRENTA - Publica Advertising","isPartOf":{"@id":"https:\/\/www.publicamexico.com\/#website"},"datePublished":"2021-10-11T18:37:21+00:00","dateModified":"2021-10-13T17:36:39+00:00","breadcrumb":{"@id":"https:\/\/www.publicamexico.com\/?page_id=557#breadcrumb"},"inLanguage":"es","potentialAction":[{"@type":"ReadAction","target":["https:\/\/www.publicamexico.com\/?page_id=557"]}]},{"@type":"BreadcrumbList","@id":"https:\/\/www.publicamexico.com\/?page_id=557#breadcrumb","itemListElement":[{"@type":"ListItem","position":1,"name":"Inicio","item":"https:\/\/www.publicamexico.com\/"},{"@type":"ListItem","position":2,"name":"IMPRENTA"}]},{"@type":"WebSite","@id":"https:\/\/www.publicamexico.com\/#website","url":"https:\/\/www.publicamexico.com\/","name":"Publica Advertising","description":"Just another WordPress site","potentialAction":[{"@type":"SearchAction","target":{"@type":"EntryPoint","urlTemplate":"https:\/\/www.publicamexico.com\/?s={search_term_string}"},"query-input":{"@type":"PropertyValueSpecification","valueRequired":true,"valueName":"search_term_string"}}],"inLanguage":"es"}]}},"_links":{"self":[{"href":"https:\/\/www.publicamexico.com\/index.php?rest_route=\/wp\/v2\/pages\/557","targetHints":{"allow":["GET"]}}],"collection":[{"href":"https:\/\/www.publicamexico.com\/index.php?rest_route=\/wp\/v2\/pages"}],"about":[{"href":"https:\/\/www.publicamexico.com\/index.php?rest_route=\/wp\/v2\/types\/page"}],"author":[{"embeddable":true,"href":"https:\/\/www.publicamexico.com\/index.php?rest_route=\/wp\/v2\/users\/1"}],"replies":[{"embeddable":true,"href":"https:\/\/www.publicamexico.com\/index.php?rest_route=%2Fwp%2Fv2%2Fcomments&post=557"}],"version-history":[{"count":8,"href":"https:\/\/www.publicamexico.com\/index.php?rest_route=\/wp\/v2\/pages\/557\/revisions"}],"predecessor-version":[{"id":662,"href":"https:\/\/www.publicamexico.com\/index.php?rest_route=\/wp\/v2\/pages\/557\/revisions\/662"}],"wp:attachment":[{"href":"https:\/\/www.publicamexico.com\/index.php?rest_route=%2Fwp%2Fv2%2Fmedia&parent=557"}],"curies":[{"name":"wp","href":"https:\/\/api.w.org\/{rel}","templated":true}]}}